{"id":867,"date":"2021-01-27T16:07:36","date_gmt":"2021-01-27T15:07:36","guid":{"rendered":"https:\/\/www.clu-you.com\/blog\/?page_id=867"},"modified":"2021-02-03T16:08:08","modified_gmt":"2021-02-03T15:08:08","slug":"clu-people","status":"publish","type":"page","link":"https:\/\/www.clu-you.com\/blog\/clu-people\/","title":{"rendered":"Clu People"},"content":{"rendered":"<span class=\"span-reading-time rt-reading-time\" style=\"display: block;\"><span class=\"rt-label rt-prefix\">Tiempo de lectura:<\/span> <span class=\"rt-time\"> &lt; 1<\/span> <span class=\"rt-label rt-postfix\">minuto<\/span><\/span>\n<p><span class=\"has-inline-color has-secondary-color\">Erfahre mehr \u00fcber die tollen Menschen, die Clu aus pers\u00f6nlicher \u00dcberzeugung unterst\u00fctzen und helfen, unsere Philosophie in die Welt hinaus zu tragen.<\/span><\/p>\n\n\n\n<h2 class=\"has-text-align-center wp-block-heading\"><span class=\"has-inline-color has-secondary-color\">Unsere Botschafterinnen<\/span><span class=\"has-inline-color has-secondary-color\"><\/span><\/h2>\n\n\n<ul class=\"wp-block-latest-posts__list is-grid columns-2 has-author alignwide wp-block-latest-posts\"><li><div class=\"wp-block-latest-posts__featured-image aligncenter\"><a href=\"https:\/\/www.clu-you.com\/blog\/viktoria-hobein\/\" aria-label=\"Viktoria Hobein\"><img loading=\"lazy\" decoding=\"async\" width=\"580\" height=\"387\" src=\"https:\/\/www.clu-you.com\/blog\/wp-content\/uploads\/2021\/01\/viktoria-01.jpg\" class=\"attachment-large size-large wp-post-image\" alt=\"Abnehmplan leicht gemacht mit Viktoria\" style=\"max-width:1024px;max-height:1024px;\" srcset=\"https:\/\/www.clu-you.com\/blog\/wp-content\/uploads\/2021\/01\/viktoria-01.jpg 780w, https:\/\/www.clu-you.com\/blog\/wp-content\/uploads\/2021\/01\/viktoria-01-300x200.jpg 300w, https:\/\/www.clu-you.com\/blog\/wp-content\/uploads\/2021\/01\/viktoria-01-768x512.jpg 768w\" sizes=\"auto, (max-width: 580px) 100vw, 580px\" \/><\/a><\/div><a class=\"wp-block-latest-posts__post-title\" href=\"https:\/\/www.clu-you.com\/blog\/viktoria-hobein\/\">Viktoria Hobein<\/a><div class=\"wp-block-latest-posts__post-author\">von Sebastian Kaminski<\/div><\/li>\n<li><div class=\"wp-block-latest-posts__featured-image aligncenter\"><a href=\"https:\/\/www.clu-you.com\/blog\/maya-streibl\/\" aria-label=\"Maya Streibl\"><img loading=\"lazy\" decoding=\"async\" width=\"580\" height=\"387\" src=\"https:\/\/www.clu-you.com\/blog\/wp-content\/uploads\/2021\/01\/maya-02-2.jpg\" class=\"attachment-large size-large wp-post-image\" alt=\"Powerfrau Maya Streibl und Clu\" style=\"max-width:1024px;max-height:1024px;\" srcset=\"https:\/\/www.clu-you.com\/blog\/wp-content\/uploads\/2021\/01\/maya-02-2.jpg 780w, https:\/\/www.clu-you.com\/blog\/wp-content\/uploads\/2021\/01\/maya-02-2-300x200.jpg 300w, https:\/\/www.clu-you.com\/blog\/wp-content\/uploads\/2021\/01\/maya-02-2-768x512.jpg 768w\" sizes=\"auto, (max-width: 580px) 100vw, 580px\" \/><\/a><\/div><a class=\"wp-block-latest-posts__post-title\" href=\"https:\/\/www.clu-you.com\/blog\/maya-streibl\/\">Maya Streibl<\/a><div class=\"wp-block-latest-posts__post-author\">von Sebastian Kaminski<\/div><\/li>\n<li><div class=\"wp-block-latest-posts__featured-image aligncenter\"><a href=\"https:\/\/www.clu-you.com\/blog\/alexa-muenzner\/\" aria-label=\"Alexa M\u00fcnzner\"><img loading=\"lazy\" decoding=\"async\" width=\"580\" height=\"387\" src=\"https:\/\/www.clu-you.com\/blog\/wp-content\/uploads\/2021\/01\/alexa-01.jpg\" class=\"attachment-large size-large wp-post-image\" alt=\"Clu Ambassador - Fitnesstrainerin\" style=\"max-width:1024px;max-height:1024px;\" srcset=\"https:\/\/www.clu-you.com\/blog\/wp-content\/uploads\/2021\/01\/alexa-01.jpg 780w, https:\/\/www.clu-you.com\/blog\/wp-content\/uploads\/2021\/01\/alexa-01-300x200.jpg 300w, https:\/\/www.clu-you.com\/blog\/wp-content\/uploads\/2021\/01\/alexa-01-768x512.jpg 768w\" sizes=\"auto, (max-width: 580px) 100vw, 580px\" \/><\/a><\/div><a class=\"wp-block-latest-posts__post-title\" href=\"https:\/\/www.clu-you.com\/blog\/alexa-muenzner\/\">Alexa M\u00fcnzner<\/a><div class=\"wp-block-latest-posts__post-author\">von Sebastian Kaminski<\/div><\/li>\n<\/ul>\n\n\n<h2 class=\"has-text-align-center wp-block-heading\"><span class=\"has-inline-color has-secondary-color\">Clu Meet ups<\/span><\/h2>\n\n\n\n<p class=\"has-text-align-left\"><span class=\"has-inline-color has-secondary-color\">Victoria ist \u00fcberzeugt, dass Begegnungen mit Menschen dann wirklich authentisch sind, wenn sie von Aufrichtigkeit, Offenheit und echtem Interesse aneinander gepr\u00e4gt sind. H\u00f6r gut zu und Du wirst wunderbare Anregungen f\u00fcr dich finden&#8230;<\/span><\/p>\n\n\n<ul class=\"wp-block-latest-posts__list is-grid columns-2 has-author alignwide wp-block-latest-posts\"><li><div class=\"wp-block-latest-posts__featured-image aligncenter\"><a href=\"https:\/\/www.clu-you.com\/blog\/clu-people\/\" aria-label=\"Mit Maya und Marissa\"><img loading=\"lazy\" decoding=\"async\" width=\"580\" height=\"387\" src=\"https:\/\/www.clu-you.com\/blog\/wp-content\/uploads\/2021\/01\/clu-meet-ups-titelbild-1024x683.jpg\" class=\"attachment-large size-large wp-post-image\" alt=\"Meet up mit unserer Botschafterin\" style=\"max-width:1024px;max-height:1024px;\" srcset=\"https:\/\/www.clu-you.com\/blog\/wp-content\/uploads\/2021\/01\/clu-meet-ups-titelbild-1024x683.jpg 1024w, https:\/\/www.clu-you.com\/blog\/wp-content\/uploads\/2021\/01\/clu-meet-ups-titelbild-300x200.jpg 300w, https:\/\/www.clu-you.com\/blog\/wp-content\/uploads\/2021\/01\/clu-meet-ups-titelbild-768x512.jpg 768w, https:\/\/www.clu-you.com\/blog\/wp-content\/uploads\/2021\/01\/clu-meet-ups-titelbild.jpg 1200w\" sizes=\"auto, (max-width: 580px) 100vw, 580px\" \/><\/a><\/div><a class=\"wp-block-latest-posts__post-title\" href=\"https:\/\/www.clu-you.com\/blog\/clu-people\/\">Mit Maya und Marissa<\/a><div class=\"wp-block-latest-posts__post-author\">von Dr. Victoria Soell<\/div><\/li>\n<\/ul>","protected":false},"excerpt":{"rendered":"<p><span class=\"span-reading-time rt-reading-time\" style=\"display: block;\"><span class=\"rt-label rt-prefix\">Tiempo de lectura:<\/span> <span class=\"rt-time\"> &lt; 1<\/span> <span class=\"rt-label rt-postfix\">minuto<\/span><\/span>Erfahre mehr \u00fcber die tollen Menschen, die Clu aus pers\u00f6nlicher \u00dcberzeugung unterst\u00fctzen und helfen, unsere Philosophie in die Welt hinaus zu tragen. Unsere Botschafterinnen Clu Meet ups Victoria ist \u00fcberzeugt, dass Begegnungen mit Menschen dann wirklich authentisch sind, wenn sie von Aufrichtigkeit, Offenheit und echtem Interesse aneinander gepr\u00e4gt sind. H\u00f6r gut zu und Du wirst [&hellip;]<\/p>\n","protected":false},"author":1,"featured_media":871,"parent":0,"menu_order":6,"comment_status":"closed","ping_status":"closed","template":"","meta":{"footnotes":""},"class_list":["post-867","page","type-page","status-publish","has-post-thumbnail","hentry"],"yoast_head":"<!-- This site is optimized with the Yoast SEO plugin v27.4 - https:\/\/yoast.com\/product\/yoast-seo-wordpress\/ -->\n<title>Clu People - Unsere Botschafterinnen<\/title>\n<meta name=\"description\" content=\"Erfahre mehr \u00fcber die tollen Menschen, die Clu aus pers\u00f6nlicher \u00dcberzeugung unterst\u00fctzen und unsere Philosophie leben\" \/>\n<meta name=\"robots\" content=\"index, follow, max-snippet:-1, max-image-preview:large, max-video-preview:-1\" \/>\n<link rel=\"canonical\" href=\"https:\/\/www.clu-you.com\/blog\/clu-people\/\" \/>\n<meta property=\"og:locale\" content=\"de_DE\" \/>\n<meta property=\"og:type\" content=\"article\" \/>\n<meta property=\"og:title\" content=\"Clu People - Unsere Botschafterinnen\" \/>\n<meta property=\"og:description\" content=\"Erfahre mehr \u00fcber die tollen Menschen, die Clu aus pers\u00f6nlicher \u00dcberzeugung unterst\u00fctzen und unsere Philosophie leben\" \/>\n<meta property=\"og:url\" content=\"https:\/\/www.clu-you.com\/blog\/clu-people\/\" \/>\n<meta property=\"og:site_name\" content=\"Clu Blog\" \/>\n<meta property=\"article:modified_time\" content=\"2021-02-03T15:08:08+00:00\" \/>\n<meta property=\"og:image\" content=\"https:\/\/www.clu-you.com\/blog\/wp-content\/uploads\/2021\/01\/clu-family-titelbild-e1612272758619.jpg\" \/>\n\t<meta property=\"og:image:width\" content=\"800\" \/>\n\t<meta property=\"og:image:height\" content=\"533\" \/>\n\t<meta property=\"og:image:type\" content=\"image\/jpeg\" \/>\n<meta name=\"twitter:card\" content=\"summary_large_image\" \/>\n<meta name=\"twitter:label1\" content=\"Gesch\u00e4tzte Lesezeit\" \/>\n\t<meta name=\"twitter:data1\" content=\"1\u00a0Minute\" \/>\n<script type=\"application\/ld+json\" class=\"yoast-schema-graph\">{\"@context\":\"https:\\\/\\\/schema.org\",\"@graph\":[{\"@type\":\"WebPage\",\"@id\":\"https:\\\/\\\/www.clu-you.com\\\/blog\\\/clu-people\\\/\",\"url\":\"https:\\\/\\\/www.clu-you.com\\\/blog\\\/clu-people\\\/\",\"name\":\"Clu People - Unsere Botschafterinnen\",\"isPartOf\":{\"@id\":\"https:\\\/\\\/www.clu-you.com\\\/blog\\\/#website\"},\"primaryImageOfPage\":{\"@id\":\"https:\\\/\\\/www.clu-you.com\\\/blog\\\/clu-people\\\/#primaryimage\"},\"image\":{\"@id\":\"https:\\\/\\\/www.clu-you.com\\\/blog\\\/clu-people\\\/#primaryimage\"},\"thumbnailUrl\":\"https:\\\/\\\/www.clu-you.com\\\/blog\\\/wp-content\\\/uploads\\\/2021\\\/01\\\/clu-family-titelbild-e1612272758619.jpg\",\"datePublished\":\"2021-01-27T15:07:36+00:00\",\"dateModified\":\"2021-02-03T15:08:08+00:00\",\"description\":\"Erfahre mehr \u00fcber die tollen Menschen, die Clu aus pers\u00f6nlicher \u00dcberzeugung unterst\u00fctzen und unsere Philosophie leben\",\"breadcrumb\":{\"@id\":\"https:\\\/\\\/www.clu-you.com\\\/blog\\\/clu-people\\\/#breadcrumb\"},\"inLanguage\":\"de\",\"potentialAction\":[{\"@type\":\"ReadAction\",\"target\":[\"https:\\\/\\\/www.clu-you.com\\\/blog\\\/clu-people\\\/\"]}]},{\"@type\":\"ImageObject\",\"inLanguage\":\"de\",\"@id\":\"https:\\\/\\\/www.clu-you.com\\\/blog\\\/clu-people\\\/#primaryimage\",\"url\":\"https:\\\/\\\/www.clu-you.com\\\/blog\\\/wp-content\\\/uploads\\\/2021\\\/01\\\/clu-family-titelbild-e1612272758619.jpg\",\"contentUrl\":\"https:\\\/\\\/www.clu-you.com\\\/blog\\\/wp-content\\\/uploads\\\/2021\\\/01\\\/clu-family-titelbild-e1612272758619.jpg\",\"width\":800,\"height\":533},{\"@type\":\"BreadcrumbList\",\"@id\":\"https:\\\/\\\/www.clu-you.com\\\/blog\\\/clu-people\\\/#breadcrumb\",\"itemListElement\":[{\"@type\":\"ListItem\",\"position\":1,\"name\":\"Startseite\",\"item\":\"https:\\\/\\\/www.clu-you.com\\\/blog\\\/\"},{\"@type\":\"ListItem\",\"position\":2,\"name\":\"Clu People\"}]},{\"@type\":\"WebSite\",\"@id\":\"https:\\\/\\\/www.clu-you.com\\\/blog\\\/#website\",\"url\":\"https:\\\/\\\/www.clu-you.com\\\/blog\\\/\",\"name\":\"Clu Blog\",\"description\":\"\",\"publisher\":{\"@id\":\"https:\\\/\\\/www.clu-you.com\\\/blog\\\/#organization\"},\"potentialAction\":[{\"@type\":\"SearchAction\",\"target\":{\"@type\":\"EntryPoint\",\"urlTemplate\":\"https:\\\/\\\/www.clu-you.com\\\/blog\\\/?s={search_term_string}\"},\"query-input\":{\"@type\":\"PropertyValueSpecification\",\"valueRequired\":true,\"valueName\":\"search_term_string\"}}],\"inLanguage\":\"de\"},{\"@type\":\"Organization\",\"@id\":\"https:\\\/\\\/www.clu-you.com\\\/blog\\\/#organization\",\"name\":\"Clu Blog\",\"url\":\"https:\\\/\\\/www.clu-you.com\\\/blog\\\/\",\"logo\":{\"@type\":\"ImageObject\",\"inLanguage\":\"de\",\"@id\":\"https:\\\/\\\/www.clu-you.com\\\/blog\\\/#\\\/schema\\\/logo\\\/image\\\/\",\"url\":\"https:\\\/\\\/www.clu-you.com\\\/blog\\\/wp-content\\\/uploads\\\/2020\\\/11\\\/cropped-cropped-clu_logo_72dpi_rgb.png\",\"contentUrl\":\"https:\\\/\\\/www.clu-you.com\\\/blog\\\/wp-content\\\/uploads\\\/2020\\\/11\\\/cropped-cropped-clu_logo_72dpi_rgb.png\",\"width\":850,\"height\":850,\"caption\":\"Clu Blog\"},\"image\":{\"@id\":\"https:\\\/\\\/www.clu-you.com\\\/blog\\\/#\\\/schema\\\/logo\\\/image\\\/\"}}]}<\/script>\n<!-- \/ Yoast SEO plugin. -->","yoast_head_json":{"title":"Clu People - Unsere Botschafterinnen","description":"Erfahre mehr \u00fcber die tollen Menschen, die Clu aus pers\u00f6nlicher \u00dcberzeugung unterst\u00fctzen und unsere Philosophie leben","robots":{"index":"index","follow":"follow","max-snippet":"max-snippet:-1","max-image-preview":"max-image-preview:large","max-video-preview":"max-video-preview:-1"},"canonical":"https:\/\/www.clu-you.com\/blog\/clu-people\/","og_locale":"de_DE","og_type":"article","og_title":"Clu People - Unsere Botschafterinnen","og_description":"Erfahre mehr \u00fcber die tollen Menschen, die Clu aus pers\u00f6nlicher \u00dcberzeugung unterst\u00fctzen und unsere Philosophie leben","og_url":"https:\/\/www.clu-you.com\/blog\/clu-people\/","og_site_name":"Clu Blog","article_modified_time":"2021-02-03T15:08:08+00:00","og_image":[{"width":800,"height":533,"url":"https:\/\/www.clu-you.com\/blog\/wp-content\/uploads\/2021\/01\/clu-family-titelbild-e1612272758619.jpg","type":"image\/jpeg"}],"twitter_card":"summary_large_image","twitter_misc":{"Gesch\u00e4tzte Lesezeit":"1\u00a0Minute"},"schema":{"@context":"https:\/\/schema.org","@graph":[{"@type":"WebPage","@id":"https:\/\/www.clu-you.com\/blog\/clu-people\/","url":"https:\/\/www.clu-you.com\/blog\/clu-people\/","name":"Clu People - Unsere Botschafterinnen","isPartOf":{"@id":"https:\/\/www.clu-you.com\/blog\/#website"},"primaryImageOfPage":{"@id":"https:\/\/www.clu-you.com\/blog\/clu-people\/#primaryimage"},"image":{"@id":"https:\/\/www.clu-you.com\/blog\/clu-people\/#primaryimage"},"thumbnailUrl":"https:\/\/www.clu-you.com\/blog\/wp-content\/uploads\/2021\/01\/clu-family-titelbild-e1612272758619.jpg","datePublished":"2021-01-27T15:07:36+00:00","dateModified":"2021-02-03T15:08:08+00:00","description":"Erfahre mehr \u00fcber die tollen Menschen, die Clu aus pers\u00f6nlicher \u00dcberzeugung unterst\u00fctzen und unsere Philosophie leben","breadcrumb":{"@id":"https:\/\/www.clu-you.com\/blog\/clu-people\/#breadcrumb"},"inLanguage":"de","potentialAction":[{"@type":"ReadAction","target":["https:\/\/www.clu-you.com\/blog\/clu-people\/"]}]},{"@type":"ImageObject","inLanguage":"de","@id":"https:\/\/www.clu-you.com\/blog\/clu-people\/#primaryimage","url":"https:\/\/www.clu-you.com\/blog\/wp-content\/uploads\/2021\/01\/clu-family-titelbild-e1612272758619.jpg","contentUrl":"https:\/\/www.clu-you.com\/blog\/wp-content\/uploads\/2021\/01\/clu-family-titelbild-e1612272758619.jpg","width":800,"height":533},{"@type":"BreadcrumbList","@id":"https:\/\/www.clu-you.com\/blog\/clu-people\/#breadcrumb","itemListElement":[{"@type":"ListItem","position":1,"name":"Startseite","item":"https:\/\/www.clu-you.com\/blog\/"},{"@type":"ListItem","position":2,"name":"Clu People"}]},{"@type":"WebSite","@id":"https:\/\/www.clu-you.com\/blog\/#website","url":"https:\/\/www.clu-you.com\/blog\/","name":"Clu Blog","description":"","publisher":{"@id":"https:\/\/www.clu-you.com\/blog\/#organization"},"potentialAction":[{"@type":"SearchAction","target":{"@type":"EntryPoint","urlTemplate":"https:\/\/www.clu-you.com\/blog\/?s={search_term_string}"},"query-input":{"@type":"PropertyValueSpecification","valueRequired":true,"valueName":"search_term_string"}}],"inLanguage":"de"},{"@type":"Organization","@id":"https:\/\/www.clu-you.com\/blog\/#organization","name":"Clu Blog","url":"https:\/\/www.clu-you.com\/blog\/","logo":{"@type":"ImageObject","inLanguage":"de","@id":"https:\/\/www.clu-you.com\/blog\/#\/schema\/logo\/image\/","url":"https:\/\/www.clu-you.com\/blog\/wp-content\/uploads\/2020\/11\/cropped-cropped-clu_logo_72dpi_rgb.png","contentUrl":"https:\/\/www.clu-you.com\/blog\/wp-content\/uploads\/2020\/11\/cropped-cropped-clu_logo_72dpi_rgb.png","width":850,"height":850,"caption":"Clu Blog"},"image":{"@id":"https:\/\/www.clu-you.com\/blog\/#\/schema\/logo\/image\/"}}]}},"_links":{"self":[{"href":"https:\/\/www.clu-you.com\/blog\/wp-json\/wp\/v2\/pages\/867","targetHints":{"allow":["GET"]}}],"collection":[{"href":"https:\/\/www.clu-you.com\/blog\/wp-json\/wp\/v2\/pages"}],"about":[{"href":"https:\/\/www.clu-you.com\/blog\/wp-json\/wp\/v2\/types\/page"}],"author":[{"embeddable":true,"href":"https:\/\/www.clu-you.com\/blog\/wp-json\/wp\/v2\/users\/1"}],"replies":[{"embeddable":true,"href":"https:\/\/www.clu-you.com\/blog\/wp-json\/wp\/v2\/comments?post=867"}],"version-history":[{"count":12,"href":"https:\/\/www.clu-you.com\/blog\/wp-json\/wp\/v2\/pages\/867\/revisions"}],"predecessor-version":[{"id":1214,"href":"https:\/\/www.clu-you.com\/blog\/wp-json\/wp\/v2\/pages\/867\/revisions\/1214"}],"wp:featuredmedia":[{"embeddable":true,"href":"https:\/\/www.clu-you.com\/blog\/wp-json\/wp\/v2\/media\/871"}],"wp:attachment":[{"href":"https:\/\/www.clu-you.com\/blog\/wp-json\/wp\/v2\/media?parent=867"}],"curies":[{"name":"wp","href":"https:\/\/api.w.org\/{rel}","templated":true}]}}