{"id":39,"date":"2020-12-17T17:21:48","date_gmt":"2020-12-17T16:21:48","guid":{"rendered":"https:\/\/www.clu-you.com\/blog\/?page_id=39"},"modified":"2021-04-26T08:43:34","modified_gmt":"2021-04-26T06:43:34","slug":"about-clu","status":"publish","type":"page","link":"https:\/\/www.clu-you.com\/blog\/about-clu\/","title":{"rendered":"\u00dcber uns"},"content":{"rendered":"<span class=\"span-reading-time rt-reading-time\" style=\"display: block;\"><span class=\"rt-label rt-prefix\">Tiempo de lectura:<\/span> <span class=\"rt-time\"> 3<\/span> <span class=\"rt-label rt-postfix\">minutos<\/span><\/span>\n<h2 class=\"has-text-align-center wp-block-heading\"><span class=\"has-inline-color has-secondary-color\">&#8222;Unsere Mission ist mit hervorragenden Produkten alleine nicht getan. <a href=\"https:\/\/www.clu-you.com\/de-DE\/Victoria-Soell\">Das ist nur der Anfang<\/a>.&#8220;<\/span><\/h2>\n\n\n\n<p class=\"has-text-align-center\"><em><sup><span class=\"has-inline-color has-secondary-color\">Dr. Victoria S\u00f6ll (geb. Meisel), Mitgr\u00fcnderin der Leyana GmbH, dem Unternehmen, zu dem die Marke Clu geh\u00f6rt<\/span><\/sup><\/em><\/p>\n\n\n\n<p><span class=\"has-inline-color has-secondary-color\">Wir als Frauen m\u00fcssen uns vielen Herausforderungen stellen, um unser Gleichgewicht zu finden: hormonelle Einfl\u00fcsse, Mutterschaft, Arbeit, Familie und Stresssituationen. Bisher konnte ich keine Marke finden, die Frauen auf umfassende Weise bei diesem Prozess unterst\u00fctzt. Clu ist f\u00fcr mich der Schl\u00fcssel, um Frauen gesamtheitlich dabei zu helfen, ihr eigenes Gleichgewicht zu finden. Als Psychologin steht f\u00fcr mich das mentale Gleichgewicht an erster Stelle. Ich glaube, die meisten Menschen sehen das genauso. Ich denke, dass der einfachere Weg zu Gleichgewicht und Wohlbefinden bei einem ausgeglichenen K\u00f6rper beginnt. In vielen F\u00e4llen f\u00e4llt es Frauen, die auf ihren K\u00f6rper achten, auch leichter, das mentale Gleichgewicht zu halten. Die gleiche Erkenntnis wurde schon vor langer Zeit ausgedr\u00fcckt: mens sana in corpore sano. Ein gesunder Geist in einem gesunden K\u00f6rper.<\/span><\/p>\n\n\n\n<p class=\"has-text-align-center\"><strong><span class=\"has-inline-color has-secondary-color\">Nahrungsmittelzus\u00e4tze einzunehmen ist vielleicht nur der erste Schritt zum Gleichgewicht.<\/span><\/strong><\/p>\n\n\n\n<p><span class=\"has-inline-color has-secondary-color\">Das ist der einfachste Teil. Nur wenige Dinge sind so einfach, wie Nahrungserg\u00e4nzungen: Deinem K\u00f6rper geben, was er braucht, aber aus irgendeinem Grund nicht erh\u00e4lt (aufgrund von Zeitmangel, zu wenig N\u00e4hrstoffe im heutigen Essen, etc.), und zwar in einer leicht zu verabreichenden Form (Getr\u00e4nke oder Tabletten). Kombiniere das mit einer gesunden Ern\u00e4hrung und einem Trainingsplan, den deine Routine zul\u00e4sst, und du wirst positive Auswirkungen auf deinen K\u00f6rper feststellen. Das Gute daran: Im Zuge der Ver\u00e4nderung hin zu ges\u00fcnderen Gewohnheiten wirst du m\u00f6glicherweise feststellen, dass dein Bedarf nach Nahrungsmittelzus\u00e4tzen sogar abnimmt.<\/span><\/p>\n\n\n\n<p><span class=\"has-inline-color has-secondary-color\">Wenn Nahrungsmittelzus\u00e4tze also so einfach in die Routine integriert werden k\u00f6nnen, hat es mich gewundert, festzustellen, dass es ganz und gar nicht einfach war, auf dem Markt zu bekommen, was ich brauchte.<\/span><\/p>\n\n\n\n<p class=\"has-text-align-center\"><span class=\"has-inline-color has-secondary-color\"><strong>Und so kam Clu zustande:<\/strong> <strong>Ich wollte all die Dinge zusammenbringen, die mir wichtig waren und die anderen Marken fehlten.<\/strong><\/span><\/p>\n\n\n\n<p><span class=\"has-inline-color has-secondary-color\">Zun\u00e4chst ein hochwertiges Produkt. Daf\u00fcr war es mir wichtig, dass die Produkte aus Deutschland kommen. Dann vermisste ich ein Produktsortiment, das f\u00fcr meine Bed\u00fcrfnisse als Frau entwickelt ist. Ich wollte mit Experten zusammenarbeiten, um ein breites Angebot an L\u00f6sungen f\u00fcr unsere Probleme zu bieten. Alles unter einer Marke, sodass die Einnahme einfach und ausgewogen ist, und so die typischen Unsicherheiten vermieden werden, die entstehen, wenn man Nahrungserg\u00e4nzungsmittel verschiedener Marken kauft und sich fragt: Kann ich diese wirklich zusammen einnehmen? Und wie? Drittens sollte der Geschmack gut sein! Die Shakes und Getr\u00e4nke von Clu sind einfach lecker! Und ich bin stolz darauf, das so oft von unseren Kundinnen best\u00e4tigt zu bekommen.<\/span><\/p>\n\n\n\n<p><strong><span class=\"has-inline-color has-secondary-color\">Um ein Gleichgewicht zu erzielen, Stress zu reduzieren und Wohlbefinden zu erleben, musst du mit dem Fundament beginnen, genau wie bei einem Haus.<\/span><\/strong><\/p>\n\n\n\n<p><span class=\"has-inline-color has-secondary-color\">Das hei\u00dft, es f\u00e4ngt bei deinem K\u00f6rper an. Ich bin \u00fcberzeugt, dass Nahrungserg\u00e4nzung ein wichtiger Teil unserer allt\u00e4glichen Ern\u00e4hrung ist. Aber als Psychologin wei\u00df ich auch, dass der Geist ebenfalls t\u00e4gliche Aufmerksamkeit verdient. Eine regelm\u00e4\u00dfige Dosis Positivismus, Inspiration und gut informierte Inhalte sind f\u00fcr mich ein wesentlicher Bestandteil der Ern\u00e4hrung meines Geistes. Und Clu bietet anhand meiner Erfahrung als Psychologin und Forscherin unseren Kundinnen genau das. Das macht Clu so einzigartig. Eine Ern\u00e4hrungserg\u00e4nzung, die eigens f\u00fcr die Bed\u00fcrfnisse von Frauen geschaffen wurde, und die versteht, Frauen die Unterst\u00fctzung zu geben, die sie brauchen, um das Wohlbefinden zu erzielen, das sie suchen.<\/span><\/p>\n\n\n\n<p><\/p>\n\n\n\n<p class=\"has-text-align-center\"><strong><span class=\"has-inline-color has-secondary-color\">Ich bin \u00fcberzeugt, dass ein gesunder K\u00f6rper und ein gesunder Geist zusammen geh\u00f6ren. Clu ist der n\u00e4chste Schritt bei der Ern\u00e4hrung f\u00fcr Frauen. Der Schritt, den wir gebraucht haben: Das Gleichgewicht von K\u00f6rper und Geist.<\/span><\/strong><br><\/p>\n\n\n\n<div class=\"wp-block-image\"><figure class=\"aligncenter size-large\"><a href=\"https:\/\/www.clu-you.com\/blog\/dr-victoria-soell\/\"><img loading=\"lazy\" decoding=\"async\" width=\"170\" height=\"110\" src=\"https:\/\/www.clu-you.com\/blog\/wp-content\/uploads\/2021\/01\/clu-author-dr-vicoria-soell.png\" alt=\"\" class=\"wp-image-612\"\/><\/a><figcaption><a href=\"https:\/\/www.clu-you.com\/blog\/dr-victoria-soell\/\">\u00dcber die Autorin<\/a><\/figcaption><\/figure><\/div>\n\n\n\n<p><\/p>\n","protected":false},"excerpt":{"rendered":"<p><span class=\"span-reading-time rt-reading-time\" style=\"display: block;\"><span class=\"rt-label rt-prefix\">Tiempo de lectura:<\/span> <span class=\"rt-time\"> 3<\/span> <span class=\"rt-label rt-postfix\">minutos<\/span><\/span>&#8222;Unsere Mission ist mit hervorragenden Produkten alleine nicht getan. Das ist nur der Anfang.&#8220; Dr. Victoria S\u00f6ll (geb. Meisel), Mitgr\u00fcnderin der Leyana GmbH, dem Unternehmen, zu dem die Marke Clu geh\u00f6rt Wir als Frauen m\u00fcssen uns vielen Herausforderungen stellen, um unser Gleichgewicht zu finden: hormonelle Einfl\u00fcsse, Mutterschaft, Arbeit, Familie und Stresssituationen. Bisher konnte ich keine [&hellip;]<\/p>\n","protected":false},"author":1,"featured_media":390,"parent":0,"menu_order":0,"comment_status":"closed","ping_status":"closed","template":"","meta":{"footnotes":""},"class_list":["post-39","page","type-page","status-publish","has-post-thumbnail","hentry"],"yoast_head":"<!-- This site is optimized with the Yoast SEO plugin v27.4 - https:\/\/yoast.com\/product\/yoast-seo-wordpress\/ -->\n<title>Unsere Mission ist mit hervorragenden Produkten alleine nicht getan. Das ist nur der Anfang!<\/title>\n<meta name=\"description\" content=\"Um ein Gleichgewicht zu erzielen, Stress zu reduzieren und Wohlbefinden zu erleben, musst du mit dem Fundament beginnen, genau wie bei einem Haus.\" \/>\n<meta name=\"robots\" content=\"index, follow, max-snippet:-1, max-image-preview:large, max-video-preview:-1\" \/>\n<link rel=\"canonical\" href=\"https:\/\/www.clu-you.com\/blog\/about-clu\/\" \/>\n<meta property=\"og:locale\" content=\"de_DE\" \/>\n<meta property=\"og:type\" content=\"article\" \/>\n<meta property=\"og:title\" content=\"Unsere Mission ist mit hervorragenden Produkten alleine nicht getan. Das ist nur der Anfang!\" \/>\n<meta property=\"og:description\" content=\"Um ein Gleichgewicht zu erzielen, Stress zu reduzieren und Wohlbefinden zu erleben, musst du mit dem Fundament beginnen, genau wie bei einem Haus.\" \/>\n<meta property=\"og:url\" content=\"https:\/\/www.clu-you.com\/blog\/about-clu\/\" \/>\n<meta property=\"og:site_name\" content=\"Clu Blog\" \/>\n<meta property=\"article:modified_time\" content=\"2021-04-26T06:43:34+00:00\" \/>\n<meta property=\"og:image\" content=\"https:\/\/www.clu-you.com\/blog\/wp-content\/uploads\/2021\/01\/about-clu-titelbild.jpg\" \/>\n\t<meta property=\"og:image:width\" content=\"1200\" \/>\n\t<meta property=\"og:image:height\" content=\"800\" \/>\n\t<meta property=\"og:image:type\" content=\"image\/jpeg\" \/>\n<meta name=\"twitter:card\" content=\"summary_large_image\" \/>\n<meta name=\"twitter:label1\" content=\"Gesch\u00e4tzte Lesezeit\" \/>\n\t<meta name=\"twitter:data1\" content=\"3\u00a0Minuten\" \/>\n<script type=\"application\/ld+json\" class=\"yoast-schema-graph\">{\"@context\":\"https:\\\/\\\/schema.org\",\"@graph\":[{\"@type\":\"WebPage\",\"@id\":\"https:\\\/\\\/www.clu-you.com\\\/blog\\\/about-clu\\\/\",\"url\":\"https:\\\/\\\/www.clu-you.com\\\/blog\\\/about-clu\\\/\",\"name\":\"Unsere Mission ist mit hervorragenden Produkten alleine nicht getan. Das ist nur der Anfang!\",\"isPartOf\":{\"@id\":\"https:\\\/\\\/www.clu-you.com\\\/blog\\\/#website\"},\"primaryImageOfPage\":{\"@id\":\"https:\\\/\\\/www.clu-you.com\\\/blog\\\/about-clu\\\/#primaryimage\"},\"image\":{\"@id\":\"https:\\\/\\\/www.clu-you.com\\\/blog\\\/about-clu\\\/#primaryimage\"},\"thumbnailUrl\":\"https:\\\/\\\/www.clu-you.com\\\/blog\\\/wp-content\\\/uploads\\\/2021\\\/01\\\/about-clu-titelbild.jpg\",\"datePublished\":\"2020-12-17T16:21:48+00:00\",\"dateModified\":\"2021-04-26T06:43:34+00:00\",\"description\":\"Um ein Gleichgewicht zu erzielen, Stress zu reduzieren und Wohlbefinden zu erleben, musst du mit dem Fundament beginnen, genau wie bei einem Haus.\",\"breadcrumb\":{\"@id\":\"https:\\\/\\\/www.clu-you.com\\\/blog\\\/about-clu\\\/#breadcrumb\"},\"inLanguage\":\"de\",\"potentialAction\":[{\"@type\":\"ReadAction\",\"target\":[\"https:\\\/\\\/www.clu-you.com\\\/blog\\\/about-clu\\\/\"]}]},{\"@type\":\"ImageObject\",\"inLanguage\":\"de\",\"@id\":\"https:\\\/\\\/www.clu-you.com\\\/blog\\\/about-clu\\\/#primaryimage\",\"url\":\"https:\\\/\\\/www.clu-you.com\\\/blog\\\/wp-content\\\/uploads\\\/2021\\\/01\\\/about-clu-titelbild.jpg\",\"contentUrl\":\"https:\\\/\\\/www.clu-you.com\\\/blog\\\/wp-content\\\/uploads\\\/2021\\\/01\\\/about-clu-titelbild.jpg\",\"width\":1200,\"height\":800,\"caption\":\"Dr. Victoria Soell\"},{\"@type\":\"BreadcrumbList\",\"@id\":\"https:\\\/\\\/www.clu-you.com\\\/blog\\\/about-clu\\\/#breadcrumb\",\"itemListElement\":[{\"@type\":\"ListItem\",\"position\":1,\"name\":\"Startseite\",\"item\":\"https:\\\/\\\/www.clu-you.com\\\/blog\\\/\"},{\"@type\":\"ListItem\",\"position\":2,\"name\":\"\u00dcber uns\"}]},{\"@type\":\"WebSite\",\"@id\":\"https:\\\/\\\/www.clu-you.com\\\/blog\\\/#website\",\"url\":\"https:\\\/\\\/www.clu-you.com\\\/blog\\\/\",\"name\":\"Clu Blog\",\"description\":\"\",\"publisher\":{\"@id\":\"https:\\\/\\\/www.clu-you.com\\\/blog\\\/#organization\"},\"potentialAction\":[{\"@type\":\"SearchAction\",\"target\":{\"@type\":\"EntryPoint\",\"urlTemplate\":\"https:\\\/\\\/www.clu-you.com\\\/blog\\\/?s={search_term_string}\"},\"query-input\":{\"@type\":\"PropertyValueSpecification\",\"valueRequired\":true,\"valueName\":\"search_term_string\"}}],\"inLanguage\":\"de\"},{\"@type\":\"Organization\",\"@id\":\"https:\\\/\\\/www.clu-you.com\\\/blog\\\/#organization\",\"name\":\"Clu Blog\",\"url\":\"https:\\\/\\\/www.clu-you.com\\\/blog\\\/\",\"logo\":{\"@type\":\"ImageObject\",\"inLanguage\":\"de\",\"@id\":\"https:\\\/\\\/www.clu-you.com\\\/blog\\\/#\\\/schema\\\/logo\\\/image\\\/\",\"url\":\"https:\\\/\\\/www.clu-you.com\\\/blog\\\/wp-content\\\/uploads\\\/2020\\\/11\\\/cropped-cropped-clu_logo_72dpi_rgb.png\",\"contentUrl\":\"https:\\\/\\\/www.clu-you.com\\\/blog\\\/wp-content\\\/uploads\\\/2020\\\/11\\\/cropped-cropped-clu_logo_72dpi_rgb.png\",\"width\":850,\"height\":850,\"caption\":\"Clu Blog\"},\"image\":{\"@id\":\"https:\\\/\\\/www.clu-you.com\\\/blog\\\/#\\\/schema\\\/logo\\\/image\\\/\"}}]}<\/script>\n<!-- \/ Yoast SEO plugin. -->","yoast_head_json":{"title":"Unsere Mission ist mit hervorragenden Produkten alleine nicht getan. Das ist nur der Anfang!","description":"Um ein Gleichgewicht zu erzielen, Stress zu reduzieren und Wohlbefinden zu erleben, musst du mit dem Fundament beginnen, genau wie bei einem Haus.","robots":{"index":"index","follow":"follow","max-snippet":"max-snippet:-1","max-image-preview":"max-image-preview:large","max-video-preview":"max-video-preview:-1"},"canonical":"https:\/\/www.clu-you.com\/blog\/about-clu\/","og_locale":"de_DE","og_type":"article","og_title":"Unsere Mission ist mit hervorragenden Produkten alleine nicht getan. Das ist nur der Anfang!","og_description":"Um ein Gleichgewicht zu erzielen, Stress zu reduzieren und Wohlbefinden zu erleben, musst du mit dem Fundament beginnen, genau wie bei einem Haus.","og_url":"https:\/\/www.clu-you.com\/blog\/about-clu\/","og_site_name":"Clu Blog","article_modified_time":"2021-04-26T06:43:34+00:00","og_image":[{"width":1200,"height":800,"url":"https:\/\/www.clu-you.com\/blog\/wp-content\/uploads\/2021\/01\/about-clu-titelbild.jpg","type":"image\/jpeg"}],"twitter_card":"summary_large_image","twitter_misc":{"Gesch\u00e4tzte Lesezeit":"3\u00a0Minuten"},"schema":{"@context":"https:\/\/schema.org","@graph":[{"@type":"WebPage","@id":"https:\/\/www.clu-you.com\/blog\/about-clu\/","url":"https:\/\/www.clu-you.com\/blog\/about-clu\/","name":"Unsere Mission ist mit hervorragenden Produkten alleine nicht getan. Das ist nur der Anfang!","isPartOf":{"@id":"https:\/\/www.clu-you.com\/blog\/#website"},"primaryImageOfPage":{"@id":"https:\/\/www.clu-you.com\/blog\/about-clu\/#primaryimage"},"image":{"@id":"https:\/\/www.clu-you.com\/blog\/about-clu\/#primaryimage"},"thumbnailUrl":"https:\/\/www.clu-you.com\/blog\/wp-content\/uploads\/2021\/01\/about-clu-titelbild.jpg","datePublished":"2020-12-17T16:21:48+00:00","dateModified":"2021-04-26T06:43:34+00:00","description":"Um ein Gleichgewicht zu erzielen, Stress zu reduzieren und Wohlbefinden zu erleben, musst du mit dem Fundament beginnen, genau wie bei einem Haus.","breadcrumb":{"@id":"https:\/\/www.clu-you.com\/blog\/about-clu\/#breadcrumb"},"inLanguage":"de","potentialAction":[{"@type":"ReadAction","target":["https:\/\/www.clu-you.com\/blog\/about-clu\/"]}]},{"@type":"ImageObject","inLanguage":"de","@id":"https:\/\/www.clu-you.com\/blog\/about-clu\/#primaryimage","url":"https:\/\/www.clu-you.com\/blog\/wp-content\/uploads\/2021\/01\/about-clu-titelbild.jpg","contentUrl":"https:\/\/www.clu-you.com\/blog\/wp-content\/uploads\/2021\/01\/about-clu-titelbild.jpg","width":1200,"height":800,"caption":"Dr. Victoria Soell"},{"@type":"BreadcrumbList","@id":"https:\/\/www.clu-you.com\/blog\/about-clu\/#breadcrumb","itemListElement":[{"@type":"ListItem","position":1,"name":"Startseite","item":"https:\/\/www.clu-you.com\/blog\/"},{"@type":"ListItem","position":2,"name":"\u00dcber uns"}]},{"@type":"WebSite","@id":"https:\/\/www.clu-you.com\/blog\/#website","url":"https:\/\/www.clu-you.com\/blog\/","name":"Clu Blog","description":"","publisher":{"@id":"https:\/\/www.clu-you.com\/blog\/#organization"},"potentialAction":[{"@type":"SearchAction","target":{"@type":"EntryPoint","urlTemplate":"https:\/\/www.clu-you.com\/blog\/?s={search_term_string}"},"query-input":{"@type":"PropertyValueSpecification","valueRequired":true,"valueName":"search_term_string"}}],"inLanguage":"de"},{"@type":"Organization","@id":"https:\/\/www.clu-you.com\/blog\/#organization","name":"Clu Blog","url":"https:\/\/www.clu-you.com\/blog\/","logo":{"@type":"ImageObject","inLanguage":"de","@id":"https:\/\/www.clu-you.com\/blog\/#\/schema\/logo\/image\/","url":"https:\/\/www.clu-you.com\/blog\/wp-content\/uploads\/2020\/11\/cropped-cropped-clu_logo_72dpi_rgb.png","contentUrl":"https:\/\/www.clu-you.com\/blog\/wp-content\/uploads\/2020\/11\/cropped-cropped-clu_logo_72dpi_rgb.png","width":850,"height":850,"caption":"Clu Blog"},"image":{"@id":"https:\/\/www.clu-you.com\/blog\/#\/schema\/logo\/image\/"}}]}},"_links":{"self":[{"href":"https:\/\/www.clu-you.com\/blog\/wp-json\/wp\/v2\/pages\/39","targetHints":{"allow":["GET"]}}],"collection":[{"href":"https:\/\/www.clu-you.com\/blog\/wp-json\/wp\/v2\/pages"}],"about":[{"href":"https:\/\/www.clu-you.com\/blog\/wp-json\/wp\/v2\/types\/page"}],"author":[{"embeddable":true,"href":"https:\/\/www.clu-you.com\/blog\/wp-json\/wp\/v2\/users\/1"}],"replies":[{"embeddable":true,"href":"https:\/\/www.clu-you.com\/blog\/wp-json\/wp\/v2\/comments?post=39"}],"version-history":[{"count":26,"href":"https:\/\/www.clu-you.com\/blog\/wp-json\/wp\/v2\/pages\/39\/revisions"}],"predecessor-version":[{"id":2158,"href":"https:\/\/www.clu-you.com\/blog\/wp-json\/wp\/v2\/pages\/39\/revisions\/2158"}],"wp:featuredmedia":[{"embeddable":true,"href":"https:\/\/www.clu-you.com\/blog\/wp-json\/wp\/v2\/media\/390"}],"wp:attachment":[{"href":"https:\/\/www.clu-you.com\/blog\/wp-json\/wp\/v2\/media?parent=39"}],"curies":[{"name":"wp","href":"https:\/\/api.w.org\/{rel}","templated":true}]}}