{"id":3589,"date":"2022-06-22T05:20:06","date_gmt":"2022-06-22T03:20:06","guid":{"rendered":"https:\/\/www.clu-you.com\/blog\/?page_id=3589"},"modified":"2022-06-22T05:23:29","modified_gmt":"2022-06-22T03:23:29","slug":"pablo-ojeda","status":"publish","type":"page","link":"https:\/\/www.clu-you.com\/blog\/pablo-ojeda\/?lang=es","title":{"rendered":"Pablo Ojeda"},"content":{"rendered":"<span class=\"span-reading-time rt-reading-time\" style=\"display: block;\"><span class=\"rt-label rt-prefix\">Tiempo de lectura:<\/span> <span class=\"rt-time\"> &lt; 1<\/span> <span class=\"rt-label rt-postfix\">minuto<\/span><\/span>\n<p class=\"has-secondary-color has-text-color\">Dietista, especialista en obesidad y experto en coaching nutricional por la Universidad de Barcelona<\/p>\n\n\n\n<p class=\"has-secondary-color has-text-color\">Miembro de la Sociedad Espa\u00f1ola para el Estudio de la Obesidad <strong>(SEEDO)<\/strong>.<\/p>\n\n\n\n<p class=\"has-secondary-color has-text-color\">Especialista en OR Activa- Centro de Psicolog\u00eda y Nutrici\u00f3n en Sevilla.<\/p>\n\n\n\n<p class=\"has-secondary-color has-text-color\">Colaborador con diferentes medios de comunicaci\u00f3n en temas de Nutrici\u00f3n: TV1, Cuatro, Tele 5, Canal Sur, IB3, El Pa\u00eds, etc.<\/p>\n","protected":false},"excerpt":{"rendered":"<p><span class=\"span-reading-time rt-reading-time\" style=\"display: block;\"><span class=\"rt-label rt-prefix\">Tiempo de lectura:<\/span> <span class=\"rt-time\"> &lt; 1<\/span> <span class=\"rt-label rt-postfix\">minuto<\/span><\/span>Dietista, especialista en obesidad y experto en coaching nutricional por la Universidad de Barcelona Miembro de la Sociedad Espa\u00f1ola para el Estudio de la Obesidad (SEEDO). Especialista en OR Activa- Centro de Psicolog\u00eda y Nutrici\u00f3n en Sevilla. Colaborador con diferentes medios de comunicaci\u00f3n en temas de Nutrici\u00f3n: TV1, Cuatro, Tele 5, Canal Sur, IB3, El [&hellip;]<\/p>\n","protected":false},"author":9,"featured_media":2638,"parent":0,"menu_order":0,"comment_status":"closed","ping_status":"closed","template":"","meta":{"footnotes":""},"class_list":["post-3589","page","type-page","status-publish","has-post-thumbnail","hentry"],"yoast_head":"<!-- This site is optimized with the Yoast SEO plugin v27.4 - https:\/\/yoast.com\/product\/yoast-seo-wordpress\/ -->\n<title>Pablo Ojeda - Clu Blog<\/title>\n<meta name=\"robots\" content=\"index, follow, max-snippet:-1, max-image-preview:large, max-video-preview:-1\" \/>\n<link rel=\"canonical\" href=\"https:\/\/www.clu-you.com\/blog\/pablo-ojeda\/?lang=es\" \/>\n<meta property=\"og:locale\" content=\"de_DE\" \/>\n<meta property=\"og:type\" content=\"article\" \/>\n<meta property=\"og:title\" content=\"Pablo Ojeda - Clu Blog\" \/>\n<meta property=\"og:description\" content=\"Tiempo de lectura: &lt; 1 minutoDietista, especialista en obesidad y experto en coaching nutricional por la Universidad de Barcelona Miembro de la Sociedad Espa\u00f1ola para el Estudio de la Obesidad (SEEDO). Especialista en OR Activa- Centro de Psicolog\u00eda y Nutrici\u00f3n en Sevilla. Colaborador con diferentes medios de comunicaci\u00f3n en temas de Nutrici\u00f3n: TV1, Cuatro, Tele 5, Canal Sur, IB3, El [&hellip;]\" \/>\n<meta property=\"og:url\" content=\"https:\/\/www.clu-you.com\/blog\/pablo-ojeda\/?lang=es\" \/>\n<meta property=\"og:site_name\" content=\"Clu Blog\" \/>\n<meta property=\"article:modified_time\" content=\"2022-06-22T03:23:29+00:00\" \/>\n<meta property=\"og:image\" content=\"https:\/\/www.clu-you.com\/blog\/wp-content\/uploads\/2021\/07\/WhatsApp-Image-2021-07-09-at-09.54.15-2.jpeg\" \/>\n\t<meta property=\"og:image:width\" content=\"1420\" \/>\n\t<meta property=\"og:image:height\" content=\"1413\" \/>\n\t<meta property=\"og:image:type\" content=\"image\/jpeg\" \/>\n<meta name=\"twitter:card\" content=\"summary_large_image\" \/>\n<meta name=\"twitter:label1\" content=\"Gesch\u00e4tzte Lesezeit\" \/>\n\t<meta name=\"twitter:data1\" content=\"1\u00a0Minute\" \/>\n<script type=\"application\/ld+json\" class=\"yoast-schema-graph\">{\"@context\":\"https:\\\/\\\/schema.org\",\"@graph\":[{\"@type\":\"WebPage\",\"@id\":\"https:\\\/\\\/www.clu-you.com\\\/blog\\\/pablo-ojeda\\\/?lang=es\",\"url\":\"https:\\\/\\\/www.clu-you.com\\\/blog\\\/pablo-ojeda\\\/?lang=es\",\"name\":\"Pablo Ojeda - Clu Blog\",\"isPartOf\":{\"@id\":\"https:\\\/\\\/www.clu-you.com\\\/blog\\\/#website\"},\"primaryImageOfPage\":{\"@id\":\"https:\\\/\\\/www.clu-you.com\\\/blog\\\/pablo-ojeda\\\/?lang=es#primaryimage\"},\"image\":{\"@id\":\"https:\\\/\\\/www.clu-you.com\\\/blog\\\/pablo-ojeda\\\/?lang=es#primaryimage\"},\"thumbnailUrl\":\"https:\\\/\\\/www.clu-you.com\\\/blog\\\/wp-content\\\/uploads\\\/2021\\\/07\\\/WhatsApp-Image-2021-07-09-at-09.54.15-2.jpeg\",\"datePublished\":\"2022-06-22T03:20:06+00:00\",\"dateModified\":\"2022-06-22T03:23:29+00:00\",\"breadcrumb\":{\"@id\":\"https:\\\/\\\/www.clu-you.com\\\/blog\\\/pablo-ojeda\\\/?lang=es#breadcrumb\"},\"inLanguage\":\"de\",\"potentialAction\":[{\"@type\":\"ReadAction\",\"target\":[\"https:\\\/\\\/www.clu-you.com\\\/blog\\\/pablo-ojeda\\\/?lang=es\"]}]},{\"@type\":\"ImageObject\",\"inLanguage\":\"de\",\"@id\":\"https:\\\/\\\/www.clu-you.com\\\/blog\\\/pablo-ojeda\\\/?lang=es#primaryimage\",\"url\":\"https:\\\/\\\/www.clu-you.com\\\/blog\\\/wp-content\\\/uploads\\\/2021\\\/07\\\/WhatsApp-Image-2021-07-09-at-09.54.15-2.jpeg\",\"contentUrl\":\"https:\\\/\\\/www.clu-you.com\\\/blog\\\/wp-content\\\/uploads\\\/2021\\\/07\\\/WhatsApp-Image-2021-07-09-at-09.54.15-2.jpeg\",\"width\":1420,\"height\":1413,\"caption\":\"Pablo Ojeda\"},{\"@type\":\"BreadcrumbList\",\"@id\":\"https:\\\/\\\/www.clu-you.com\\\/blog\\\/pablo-ojeda\\\/?lang=es#breadcrumb\",\"itemListElement\":[{\"@type\":\"ListItem\",\"position\":1,\"name\":\"Startseite\",\"item\":\"https:\\\/\\\/www.clu-you.com\\\/blog\\\/\"},{\"@type\":\"ListItem\",\"position\":2,\"name\":\"Pablo Ojeda\"}]},{\"@type\":\"WebSite\",\"@id\":\"https:\\\/\\\/www.clu-you.com\\\/blog\\\/#website\",\"url\":\"https:\\\/\\\/www.clu-you.com\\\/blog\\\/\",\"name\":\"Clu Blog\",\"description\":\"\",\"publisher\":{\"@id\":\"https:\\\/\\\/www.clu-you.com\\\/blog\\\/#organization\"},\"potentialAction\":[{\"@type\":\"SearchAction\",\"target\":{\"@type\":\"EntryPoint\",\"urlTemplate\":\"https:\\\/\\\/www.clu-you.com\\\/blog\\\/?s={search_term_string}\"},\"query-input\":{\"@type\":\"PropertyValueSpecification\",\"valueRequired\":true,\"valueName\":\"search_term_string\"}}],\"inLanguage\":\"de\"},{\"@type\":\"Organization\",\"@id\":\"https:\\\/\\\/www.clu-you.com\\\/blog\\\/#organization\",\"name\":\"Clu Blog\",\"url\":\"https:\\\/\\\/www.clu-you.com\\\/blog\\\/\",\"logo\":{\"@type\":\"ImageObject\",\"inLanguage\":\"de\",\"@id\":\"https:\\\/\\\/www.clu-you.com\\\/blog\\\/#\\\/schema\\\/logo\\\/image\\\/\",\"url\":\"https:\\\/\\\/www.clu-you.com\\\/blog\\\/wp-content\\\/uploads\\\/2020\\\/11\\\/cropped-cropped-clu_logo_72dpi_rgb.png\",\"contentUrl\":\"https:\\\/\\\/www.clu-you.com\\\/blog\\\/wp-content\\\/uploads\\\/2020\\\/11\\\/cropped-cropped-clu_logo_72dpi_rgb.png\",\"width\":850,\"height\":850,\"caption\":\"Clu Blog\"},\"image\":{\"@id\":\"https:\\\/\\\/www.clu-you.com\\\/blog\\\/#\\\/schema\\\/logo\\\/image\\\/\"}}]}<\/script>\n<!-- \/ Yoast SEO plugin. -->","yoast_head_json":{"title":"Pablo Ojeda - Clu Blog","robots":{"index":"index","follow":"follow","max-snippet":"max-snippet:-1","max-image-preview":"max-image-preview:large","max-video-preview":"max-video-preview:-1"},"canonical":"https:\/\/www.clu-you.com\/blog\/pablo-ojeda\/?lang=es","og_locale":"de_DE","og_type":"article","og_title":"Pablo Ojeda - Clu Blog","og_description":"Tiempo de lectura: &lt; 1 minutoDietista, especialista en obesidad y experto en coaching nutricional por la Universidad de Barcelona Miembro de la Sociedad Espa\u00f1ola para el Estudio de la Obesidad (SEEDO). Especialista en OR Activa- Centro de Psicolog\u00eda y Nutrici\u00f3n en Sevilla. Colaborador con diferentes medios de comunicaci\u00f3n en temas de Nutrici\u00f3n: TV1, Cuatro, Tele 5, Canal Sur, IB3, El [&hellip;]","og_url":"https:\/\/www.clu-you.com\/blog\/pablo-ojeda\/?lang=es","og_site_name":"Clu Blog","article_modified_time":"2022-06-22T03:23:29+00:00","og_image":[{"width":1420,"height":1413,"url":"https:\/\/www.clu-you.com\/blog\/wp-content\/uploads\/2021\/07\/WhatsApp-Image-2021-07-09-at-09.54.15-2.jpeg","type":"image\/jpeg"}],"twitter_card":"summary_large_image","twitter_misc":{"Gesch\u00e4tzte Lesezeit":"1\u00a0Minute"},"schema":{"@context":"https:\/\/schema.org","@graph":[{"@type":"WebPage","@id":"https:\/\/www.clu-you.com\/blog\/pablo-ojeda\/?lang=es","url":"https:\/\/www.clu-you.com\/blog\/pablo-ojeda\/?lang=es","name":"Pablo Ojeda - Clu Blog","isPartOf":{"@id":"https:\/\/www.clu-you.com\/blog\/#website"},"primaryImageOfPage":{"@id":"https:\/\/www.clu-you.com\/blog\/pablo-ojeda\/?lang=es#primaryimage"},"image":{"@id":"https:\/\/www.clu-you.com\/blog\/pablo-ojeda\/?lang=es#primaryimage"},"thumbnailUrl":"https:\/\/www.clu-you.com\/blog\/wp-content\/uploads\/2021\/07\/WhatsApp-Image-2021-07-09-at-09.54.15-2.jpeg","datePublished":"2022-06-22T03:20:06+00:00","dateModified":"2022-06-22T03:23:29+00:00","breadcrumb":{"@id":"https:\/\/www.clu-you.com\/blog\/pablo-ojeda\/?lang=es#breadcrumb"},"inLanguage":"de","potentialAction":[{"@type":"ReadAction","target":["https:\/\/www.clu-you.com\/blog\/pablo-ojeda\/?lang=es"]}]},{"@type":"ImageObject","inLanguage":"de","@id":"https:\/\/www.clu-you.com\/blog\/pablo-ojeda\/?lang=es#primaryimage","url":"https:\/\/www.clu-you.com\/blog\/wp-content\/uploads\/2021\/07\/WhatsApp-Image-2021-07-09-at-09.54.15-2.jpeg","contentUrl":"https:\/\/www.clu-you.com\/blog\/wp-content\/uploads\/2021\/07\/WhatsApp-Image-2021-07-09-at-09.54.15-2.jpeg","width":1420,"height":1413,"caption":"Pablo Ojeda"},{"@type":"BreadcrumbList","@id":"https:\/\/www.clu-you.com\/blog\/pablo-ojeda\/?lang=es#breadcrumb","itemListElement":[{"@type":"ListItem","position":1,"name":"Startseite","item":"https:\/\/www.clu-you.com\/blog\/"},{"@type":"ListItem","position":2,"name":"Pablo Ojeda"}]},{"@type":"WebSite","@id":"https:\/\/www.clu-you.com\/blog\/#website","url":"https:\/\/www.clu-you.com\/blog\/","name":"Clu Blog","description":"","publisher":{"@id":"https:\/\/www.clu-you.com\/blog\/#organization"},"potentialAction":[{"@type":"SearchAction","target":{"@type":"EntryPoint","urlTemplate":"https:\/\/www.clu-you.com\/blog\/?s={search_term_string}"},"query-input":{"@type":"PropertyValueSpecification","valueRequired":true,"valueName":"search_term_string"}}],"inLanguage":"de"},{"@type":"Organization","@id":"https:\/\/www.clu-you.com\/blog\/#organization","name":"Clu Blog","url":"https:\/\/www.clu-you.com\/blog\/","logo":{"@type":"ImageObject","inLanguage":"de","@id":"https:\/\/www.clu-you.com\/blog\/#\/schema\/logo\/image\/","url":"https:\/\/www.clu-you.com\/blog\/wp-content\/uploads\/2020\/11\/cropped-cropped-clu_logo_72dpi_rgb.png","contentUrl":"https:\/\/www.clu-you.com\/blog\/wp-content\/uploads\/2020\/11\/cropped-cropped-clu_logo_72dpi_rgb.png","width":850,"height":850,"caption":"Clu Blog"},"image":{"@id":"https:\/\/www.clu-you.com\/blog\/#\/schema\/logo\/image\/"}}]}},"_links":{"self":[{"href":"https:\/\/www.clu-you.com\/blog\/wp-json\/wp\/v2\/pages\/3589","targetHints":{"allow":["GET"]}}],"collection":[{"href":"https:\/\/www.clu-you.com\/blog\/wp-json\/wp\/v2\/pages"}],"about":[{"href":"https:\/\/www.clu-you.com\/blog\/wp-json\/wp\/v2\/types\/page"}],"author":[{"embeddable":true,"href":"https:\/\/www.clu-you.com\/blog\/wp-json\/wp\/v2\/users\/9"}],"replies":[{"embeddable":true,"href":"https:\/\/www.clu-you.com\/blog\/wp-json\/wp\/v2\/comments?post=3589"}],"version-history":[{"count":1,"href":"https:\/\/www.clu-you.com\/blog\/wp-json\/wp\/v2\/pages\/3589\/revisions"}],"predecessor-version":[{"id":3590,"href":"https:\/\/www.clu-you.com\/blog\/wp-json\/wp\/v2\/pages\/3589\/revisions\/3590"}],"wp:featuredmedia":[{"embeddable":true,"href":"https:\/\/www.clu-you.com\/blog\/wp-json\/wp\/v2\/media\/2638"}],"wp:attachment":[{"href":"https:\/\/www.clu-you.com\/blog\/wp-json\/wp\/v2\/media?parent=3589"}],"curies":[{"name":"wp","href":"https:\/\/api.w.org\/{rel}","templated":true}]}}